{"id":32,"date":"2018-01-11T23:30:35","date_gmt":"2018-01-11T22:30:35","guid":{"rendered":"https:\/\/www.comesuomo1974.com\/?page_id=32"},"modified":"2022-02-08T09:46:15","modified_gmt":"2022-02-08T08:46:15","slug":"collezioni-cerimonia","status":"publish","type":"page","link":"https:\/\/www.comesuomo1974.com\/en\/collezioni-cerimonia\/","title":{"rendered":"COLLEZIONI"},"content":{"rendered":"<p>[vc_row content_placement=&#8221;middle&#8221;][vc_column][vc_column_text]<\/p>\n<h5 style=\"text-align: left;\">COMES UOMO 1974 not only works with the most important brand but customize it.\nNothing is left to accident.\nThis is how the collections with a particular charm of men's haute couture are born:<\/h5>\n<p>[\/vc_column_text][\/vc_column][\/vc_row][vc_row content_placement=&#8221;middle&#8221;][vc_column][vc_column_text]<img decoding=\"async\" class=\"aligncenter size-full wp-image-234\" src=\"https:\/\/www.comesuomo1974.com\/wp-content\/uploads\/2018\/01\/CORONA-COMES.png\" alt=\"\" width=\"30\" height=\"\" \/>[\/vc_column_text][\/vc_column][\/vc_row][vc_row content_placement=&#8221;middle&#8221;][vc_column width=&#8221;1\/2&#8243;][vc_column_text]<a href=\"https:\/\/www.comesuomo1974.com\/en\/red-carpet\/\"><img decoding=\"async\" class=\"aligncenter size-full wp-image-356\" src=\"https:\/\/www.comesuomo1974.com\/wp-content\/uploads\/2018\/01\/RED_CARPER.jpg\" alt=\"COLLEZIONE RED CARPET 2018 SPOSO\" width=\"80%\" height=\"\" srcset=\"https:\/\/www.comesuomo1974.com\/wp-content\/uploads\/2018\/01\/RED_CARPER.jpg 700w, https:\/\/www.comesuomo1974.com\/wp-content\/uploads\/2018\/01\/RED_CARPER-150x150.jpg 150w, https:\/\/www.comesuomo1974.com\/wp-content\/uploads\/2018\/01\/RED_CARPER-300x300.jpg 300w\" sizes=\"(max-width: 700px) 100vw, 700px\" \/><\/a>[\/vc_column_text][\/vc_column][vc_column width=&#8221;1\/2&#8243;][vc_btn title=&#8221;Scopri la collezione&#8221; size=&#8221;sm&#8221; align=&#8221;center&#8221; i_icon_fontawesome=&#8221;fa fa-check&#8221; add_icon=&#8221;true&#8221; link=&#8221;url:https%3A%2F%2Fwww.comesuomo1974.com%2Fred-carpet%2F|||&#8221;][vc_column_text]<\/p>\n<h5><strong>RED CARPET<\/strong>\u00a0 |\u00a0 COLLEZIONE SPOSO<\/h5>\n<p>For the most important day, Comes Uomo 1974 choose the best of elegance.<br \/>\nFrom tuxedos to half tight, focusing on small details that make our clothes great.<br \/>\nInizia una nuova storia, le nuove collezioni 2019 si aggiungono alla nostra tradizione, materie prime preziose e dettagli distintivi si intrecciano con artigianalit\u00e0 per rendere protagonisti i nostri clienti nel giorno del loro SI.[\/vc_column_text][\/vc_column][\/vc_row][vc_row content_placement=&#8221;middle&#8221;][vc_column][vc_column_text]<img decoding=\"async\" class=\"aligncenter size-full wp-image-234\" src=\"https:\/\/www.comesuomo1974.com\/wp-content\/uploads\/2018\/01\/CORONA-COMES.png\" alt=\"\" width=\"30\" height=\"\" \/>[\/vc_column_text][\/vc_column][\/vc_row][vc_row content_placement=&#8221;middle&#8221;][vc_column width=&#8221;1\/2&#8243;][vc_column_text]<img decoding=\"async\" class=\"aligncenter size-full wp-image-361\" src=\"https:\/\/www.comesuomo1974.com\/wp-content\/uploads\/2018\/01\/GENTLEMAN.jpg\" alt=\"COLLEZIONE GENTLEMAN 2018 CLASSICO\" width=\"80%\" height=\"\" \/>[\/vc_column_text][\/vc_column][vc_column width=&#8221;1\/2&#8243;][vc_column_text]<\/p>\n<h5><strong>GENTLEMAN<\/strong>\u00a0 |\u00a0 COLLEZIONE CLASSICO<\/h5>\n<p>Quality and style are rooted in the past.<br \/>\nModernity and tradition characterize the excellence of Comes Uomo 1974.<br \/>\nThe search and selection of tailor-made companies, uniquely Made in Italy, gives to the Gentleman collection the unmistakable male elegance.<br \/>\nLa continua attenzione per chi sceglie Comes Uomo 1974 rafforza il rapporto con la storica clientela e apre ampi scenari a nuovi consensi.[\/vc_column_text][\/vc_column][\/vc_row][vc_row content_placement=&#8221;middle&#8221;][vc_column][vc_column_text]<img decoding=\"async\" class=\"aligncenter size-full wp-image-234\" src=\"https:\/\/www.comesuomo1974.com\/wp-content\/uploads\/2018\/01\/CORONA-COMES.png\" alt=\"\" width=\"30\" height=\"\" \/>[\/vc_column_text][\/vc_column][\/vc_row][vc_row content_placement=&#8221;middle&#8221;][vc_column width=&#8221;1\/2&#8243;][vc_column_text]<img decoding=\"async\" class=\"aligncenter size-full wp-image-366\" src=\"https:\/\/www.comesuomo1974.com\/wp-content\/uploads\/2018\/01\/PORTRAIT.jpg\" alt=\"COLLEZIONE PORTRAIT 2018 CERIMONIA\" width=\"80%\" height=\"\" srcset=\"https:\/\/www.comesuomo1974.com\/wp-content\/uploads\/2018\/01\/PORTRAIT.jpg 700w, https:\/\/www.comesuomo1974.com\/wp-content\/uploads\/2018\/01\/PORTRAIT-150x150.jpg 150w, https:\/\/www.comesuomo1974.com\/wp-content\/uploads\/2018\/01\/PORTRAIT-300x300.jpg 300w\" sizes=\"(max-width: 700px) 100vw, 700px\" \/>[\/vc_column_text][\/vc_column][vc_column width=&#8221;1\/2&#8243;][vc_column_text]<\/p>\n<h5><strong>PORTRAIT<\/strong>\u00a0 |\u00a0 COLLEZIONE CERIMONIA<\/h5>\n<p>Un&#8217;emozione unica, le collezioni Portrait della Comes Uomo 1974 sono per l&#8217;ospite del grande evento che sceglie di indossare un abito nelle varie linee differenti nello stile ma accomunate dall&#8217;attenzione data alla tradizione maschile.[\/vc_column_text][\/vc_column][\/vc_row][vc_row content_placement=&#8221;middle&#8221;][vc_column][vc_column_text]<img decoding=\"async\" class=\"aligncenter size-full wp-image-234\" src=\"https:\/\/www.comesuomo1974.com\/wp-content\/uploads\/2018\/01\/CORONA-COMES.png\" alt=\"\" width=\"30\" height=\"\" \/>[\/vc_column_text][\/vc_column][\/vc_row][vc_row content_placement=&#8221;middle&#8221;][vc_column width=&#8221;1\/2&#8243;][vc_column_text]<a href=\"https:\/\/www.comesuomo1974.com\/en\/vestire-su-misura\/\"><img decoding=\"async\" class=\"aligncenter wp-image-488 size-full\" src=\"https:\/\/www.comesuomo1974.com\/wp-content\/uploads\/2018\/02\/SU-MISURA.jpg\" alt=\"COLLEZIONE ABITO PRIVATO 2018 SARTORIA SU MISURA\" width=\"80%\" height=\"\" srcset=\"https:\/\/www.comesuomo1974.com\/wp-content\/uploads\/2018\/02\/SU-MISURA.jpg 1000w, https:\/\/www.comesuomo1974.com\/wp-content\/uploads\/2018\/02\/SU-MISURA-150x150.jpg 150w, https:\/\/www.comesuomo1974.com\/wp-content\/uploads\/2018\/02\/SU-MISURA-300x300.jpg 300w, https:\/\/www.comesuomo1974.com\/wp-content\/uploads\/2018\/02\/SU-MISURA-768x768.jpg 768w\" sizes=\"(max-width: 1000px) 100vw, 1000px\" \/><\/a>[\/vc_column_text][\/vc_column][vc_column width=&#8221;1\/2&#8243;][vc_column_text]<\/p>\n<h5><a href=\"https:\/\/www.comesuomo1974.com\/en\/vestire-su-misura\/\"><strong>ABITO PRIVATO<\/strong>\u00a0 |\u00a0 COLLEZIONE SARTORIA SU MISURA\u00a0<\/a><\/h5>\n<p>The exclusive experience of the customization begin with the meeting of ones of our managers who help the customer in the choices based on needs, taste and style preferences.<br \/>\n<span style=\"font-family: Raleway;\">The customization service offered by Comes Uomo 1974 is a personalized experience dedicated to men seeking style and exclusivity.<\/span>[\/vc_column_text][\/vc_column][\/vc_row]<\/p>","protected":false},"excerpt":{"rendered":"<p>[vc_row content_placement=&#8221;middle&#8221;][vc_column][vc_column_text] COMES UOMO 1974 si avvale non solo delle pi\u00f9 rinomate griffe ma anche di una sartoria Su Misura. Nulla \u00e8 lasciato al caso. Nascono cos\u00ec\u00a0le collezioni dal fascino particolare dell\u2019haute couture maschile: [\/vc_column_text][\/vc_column][\/vc_row][vc_row content_placement=&#8221;middle&#8221;][vc_column][vc_column_text][\/vc_column_text][\/vc_column][\/vc_row][vc_row content_placement=&#8221;middle&#8221;][vc_column width=&#8221;1\/2&#8243;][vc_column_text][\/vc_column_text][\/vc_column][vc_column width=&#8221;1\/2&#8243;][vc_btn title=&#8221;Scopri la collezione&#8221; size=&#8221;sm&#8221; align=&#8221;center&#8221; i_icon_fontawesome=&#8221;fa fa-check&#8221; add_icon=&#8221;true&#8221; link=&#8221;url:https%3A%2F%2Fwww.comesuomo1974.com%2Fred-carpet%2F|||&#8221;][vc_column_text] RED CARPET\u00a0\u2026<\/p>\n<p> <a class=\"continue-reading-link\" href=\"https:\/\/www.comesuomo1974.com\/en\/collezioni-cerimonia\/\"><span>Continua a leggere<\/span><i class=\"crycon-right-dir\"><\/i><\/a> <\/p>","protected":false},"author":2,"featured_media":0,"parent":0,"menu_order":0,"comment_status":"closed","ping_status":"closed","template":"templates\/template-onecolumn.php","meta":{"footnotes":""},"class_list":["post-32","page","type-page","status-publish","hentry"],"yoast_head":"<!-- This site is optimized with the Yoast SEO plugin v26.3 - https:\/\/yoast.com\/wordpress\/plugins\/seo\/ -->\n<title>COLLEZIONI | COMES UOMO 1974<\/title>\n<meta name=\"robots\" content=\"index, follow, max-snippet:-1, max-image-preview:large, max-video-preview:-1\" \/>\n<link rel=\"canonical\" href=\"https:\/\/www.comesuomo1974.com\/en\/collezioni-cerimonia\/\" \/>\n<meta property=\"og:locale\" content=\"en_GB\" \/>\n<meta property=\"og:type\" content=\"article\" \/>\n<meta property=\"og:title\" content=\"COLLEZIONI | COMES UOMO 1974\" \/>\n<meta property=\"og:description\" content=\"[vc_row content_placement=&#8221;middle&#8221;][vc_column][vc_column_text] COMES UOMO 1974 si avvale non solo delle pi\u00f9 rinomate griffe ma anche di una sartoria Su Misura. Nulla \u00e8 lasciato al caso. Nascono cos\u00ec\u00a0le collezioni dal fascino particolare dell\u2019haute couture maschile: [\/vc_column_text][\/vc_column][\/vc_row][vc_row content_placement=&#8221;middle&#8221;][vc_column][vc_column_text][\/vc_column_text][\/vc_column][\/vc_row][vc_row content_placement=&#8221;middle&#8221;][vc_column width=&#8221;1\/2&#8243;][vc_column_text][\/vc_column_text][\/vc_column][vc_column width=&#8221;1\/2&#8243;][vc_btn title=&#8221;Scopri la collezione&#8221; size=&#8221;sm&#8221; align=&#8221;center&#8221; i_icon_fontawesome=&#8221;fa fa-check&#8221; add_icon=&#8221;true&#8221; link=&#8221;url:https%3A%2F%2Fwww.comesuomo1974.com%2Fred-carpet%2F|||&#8221;][vc_column_text] RED CARPET\u00a0\u2026 Continua a leggere\" \/>\n<meta property=\"og:url\" content=\"https:\/\/www.comesuomo1974.com\/en\/collezioni-cerimonia\/\" \/>\n<meta property=\"og:site_name\" content=\"COMES UOMO 1974\" \/>\n<meta property=\"article:publisher\" content=\"https:\/\/www.facebook.com\/comesuomo1974\/\" \/>\n<meta property=\"article:modified_time\" content=\"2022-02-08T08:46:15+00:00\" \/>\n<meta property=\"og:image\" content=\"https:\/\/www.comesuomo1974.com\/wp-content\/uploads\/2018\/01\/CORONA-COMES.png\" \/>\n<meta name=\"twitter:card\" content=\"summary_large_image\" \/>\n<meta name=\"twitter:label1\" content=\"Estimated reading time\" \/>\n\t<meta name=\"twitter:data1\" content=\"3 minutes\" \/>\n<script type=\"application\/ld+json\" class=\"yoast-schema-graph\">{\"@context\":\"https:\/\/schema.org\",\"@graph\":[{\"@type\":\"WebPage\",\"@id\":\"https:\/\/www.comesuomo1974.com\/en\/collezioni-cerimonia\/\",\"url\":\"https:\/\/www.comesuomo1974.com\/en\/collezioni-cerimonia\/\",\"name\":\"COLLEZIONI | COMES UOMO 1974\",\"isPartOf\":{\"@id\":\"https:\/\/www.comesuomo1974.com\/#website\"},\"primaryImageOfPage\":{\"@id\":\"https:\/\/www.comesuomo1974.com\/en\/collezioni-cerimonia\/#primaryimage\"},\"image\":{\"@id\":\"https:\/\/www.comesuomo1974.com\/en\/collezioni-cerimonia\/#primaryimage\"},\"thumbnailUrl\":\"https:\/\/www.comesuomo1974.com\/wp-content\/uploads\/2018\/01\/CORONA-COMES.png\",\"datePublished\":\"2018-01-11T22:30:35+00:00\",\"dateModified\":\"2022-02-08T08:46:15+00:00\",\"breadcrumb\":{\"@id\":\"https:\/\/www.comesuomo1974.com\/en\/collezioni-cerimonia\/#breadcrumb\"},\"inLanguage\":\"en-GB\",\"potentialAction\":[{\"@type\":\"ReadAction\",\"target\":[\"https:\/\/www.comesuomo1974.com\/en\/collezioni-cerimonia\/\"]}]},{\"@type\":\"ImageObject\",\"inLanguage\":\"en-GB\",\"@id\":\"https:\/\/www.comesuomo1974.com\/en\/collezioni-cerimonia\/#primaryimage\",\"url\":\"https:\/\/www.comesuomo1974.com\/wp-content\/uploads\/2018\/01\/CORONA-COMES.png\",\"contentUrl\":\"https:\/\/www.comesuomo1974.com\/wp-content\/uploads\/2018\/01\/CORONA-COMES.png\"},{\"@type\":\"BreadcrumbList\",\"@id\":\"https:\/\/www.comesuomo1974.com\/en\/collezioni-cerimonia\/#breadcrumb\",\"itemListElement\":[{\"@type\":\"ListItem\",\"position\":1,\"name\":\"Home\",\"item\":\"https:\/\/www.comesuomo1974.com\/\"},{\"@type\":\"ListItem\",\"position\":2,\"name\":\"COLLEZIONI\"}]},{\"@type\":\"WebSite\",\"@id\":\"https:\/\/www.comesuomo1974.com\/#website\",\"url\":\"https:\/\/www.comesuomo1974.com\/\",\"name\":\"COMES UOMO 1974\",\"description\":\"PIAZZA VERDI | GROTTAGLIE\",\"potentialAction\":[{\"@type\":\"SearchAction\",\"target\":{\"@type\":\"EntryPoint\",\"urlTemplate\":\"https:\/\/www.comesuomo1974.com\/?s={search_term_string}\"},\"query-input\":{\"@type\":\"PropertyValueSpecification\",\"valueRequired\":true,\"valueName\":\"search_term_string\"}}],\"inLanguage\":\"en-GB\"}]}<\/script>\n<!-- \/ Yoast SEO plugin. -->","yoast_head_json":{"title":"COLLEZIONI | COMES UOMO 1974","robots":{"index":"index","follow":"follow","max-snippet":"max-snippet:-1","max-image-preview":"max-image-preview:large","max-video-preview":"max-video-preview:-1"},"canonical":"https:\/\/www.comesuomo1974.com\/en\/collezioni-cerimonia\/","og_locale":"en_GB","og_type":"article","og_title":"COLLEZIONI | COMES UOMO 1974","og_description":"[vc_row content_placement=&#8221;middle&#8221;][vc_column][vc_column_text] COMES UOMO 1974 si avvale non solo delle pi\u00f9 rinomate griffe ma anche di una sartoria Su Misura. Nulla \u00e8 lasciato al caso. Nascono cos\u00ec\u00a0le collezioni dal fascino particolare dell\u2019haute couture maschile: [\/vc_column_text][\/vc_column][\/vc_row][vc_row content_placement=&#8221;middle&#8221;][vc_column][vc_column_text][\/vc_column_text][\/vc_column][\/vc_row][vc_row content_placement=&#8221;middle&#8221;][vc_column width=&#8221;1\/2&#8243;][vc_column_text][\/vc_column_text][\/vc_column][vc_column width=&#8221;1\/2&#8243;][vc_btn title=&#8221;Scopri la collezione&#8221; size=&#8221;sm&#8221; align=&#8221;center&#8221; i_icon_fontawesome=&#8221;fa fa-check&#8221; add_icon=&#8221;true&#8221; link=&#8221;url:https%3A%2F%2Fwww.comesuomo1974.com%2Fred-carpet%2F|||&#8221;][vc_column_text] RED CARPET\u00a0\u2026 Continua a leggere","og_url":"https:\/\/www.comesuomo1974.com\/en\/collezioni-cerimonia\/","og_site_name":"COMES UOMO 1974","article_publisher":"https:\/\/www.facebook.com\/comesuomo1974\/","article_modified_time":"2022-02-08T08:46:15+00:00","og_image":[{"url":"https:\/\/www.comesuomo1974.com\/wp-content\/uploads\/2018\/01\/CORONA-COMES.png","type":"","width":"","height":""}],"twitter_card":"summary_large_image","twitter_misc":{"Estimated reading time":"3 minutes"},"schema":{"@context":"https:\/\/schema.org","@graph":[{"@type":"WebPage","@id":"https:\/\/www.comesuomo1974.com\/en\/collezioni-cerimonia\/","url":"https:\/\/www.comesuomo1974.com\/en\/collezioni-cerimonia\/","name":"COLLEZIONI | COMES UOMO 1974","isPartOf":{"@id":"https:\/\/www.comesuomo1974.com\/#website"},"primaryImageOfPage":{"@id":"https:\/\/www.comesuomo1974.com\/en\/collezioni-cerimonia\/#primaryimage"},"image":{"@id":"https:\/\/www.comesuomo1974.com\/en\/collezioni-cerimonia\/#primaryimage"},"thumbnailUrl":"https:\/\/www.comesuomo1974.com\/wp-content\/uploads\/2018\/01\/CORONA-COMES.png","datePublished":"2018-01-11T22:30:35+00:00","dateModified":"2022-02-08T08:46:15+00:00","breadcrumb":{"@id":"https:\/\/www.comesuomo1974.com\/en\/collezioni-cerimonia\/#breadcrumb"},"inLanguage":"en-GB","potentialAction":[{"@type":"ReadAction","target":["https:\/\/www.comesuomo1974.com\/en\/collezioni-cerimonia\/"]}]},{"@type":"ImageObject","inLanguage":"en-GB","@id":"https:\/\/www.comesuomo1974.com\/en\/collezioni-cerimonia\/#primaryimage","url":"https:\/\/www.comesuomo1974.com\/wp-content\/uploads\/2018\/01\/CORONA-COMES.png","contentUrl":"https:\/\/www.comesuomo1974.com\/wp-content\/uploads\/2018\/01\/CORONA-COMES.png"},{"@type":"BreadcrumbList","@id":"https:\/\/www.comesuomo1974.com\/en\/collezioni-cerimonia\/#breadcrumb","itemListElement":[{"@type":"ListItem","position":1,"name":"Home","item":"https:\/\/www.comesuomo1974.com\/"},{"@type":"ListItem","position":2,"name":"COLLEZIONI"}]},{"@type":"WebSite","@id":"https:\/\/www.comesuomo1974.com\/#website","url":"https:\/\/www.comesuomo1974.com\/","name":"COMES UOMO 1974","description":"PIAZZA VERDI | GROTTAGLIE","potentialAction":[{"@type":"SearchAction","target":{"@type":"EntryPoint","urlTemplate":"https:\/\/www.comesuomo1974.com\/?s={search_term_string}"},"query-input":{"@type":"PropertyValueSpecification","valueRequired":true,"valueName":"search_term_string"}}],"inLanguage":"en-GB"}]}},"_links":{"self":[{"href":"https:\/\/www.comesuomo1974.com\/en\/wp-json\/wp\/v2\/pages\/32","targetHints":{"allow":["GET"]}}],"collection":[{"href":"https:\/\/www.comesuomo1974.com\/en\/wp-json\/wp\/v2\/pages"}],"about":[{"href":"https:\/\/www.comesuomo1974.com\/en\/wp-json\/wp\/v2\/types\/page"}],"author":[{"embeddable":true,"href":"https:\/\/www.comesuomo1974.com\/en\/wp-json\/wp\/v2\/users\/2"}],"replies":[{"embeddable":true,"href":"https:\/\/www.comesuomo1974.com\/en\/wp-json\/wp\/v2\/comments?post=32"}],"version-history":[{"count":2,"href":"https:\/\/www.comesuomo1974.com\/en\/wp-json\/wp\/v2\/pages\/32\/revisions"}],"predecessor-version":[{"id":707,"href":"https:\/\/www.comesuomo1974.com\/en\/wp-json\/wp\/v2\/pages\/32\/revisions\/707"}],"wp:attachment":[{"href":"https:\/\/www.comesuomo1974.com\/en\/wp-json\/wp\/v2\/media?parent=32"}],"curies":[{"name":"wp","href":"https:\/\/api.w.org\/{rel}","templated":true}]}}