{"id":40,"date":"2018-01-11T23:31:24","date_gmt":"2018-01-11T22:31:24","guid":{"rendered":"https:\/\/www.comesuomo1974.com\/?page_id=40"},"modified":"2022-04-20T20:09:16","modified_gmt":"2022-04-20T18:09:16","slug":"vestire-su-misura","status":"publish","type":"page","link":"https:\/\/www.comesuomo1974.com\/en\/vestire-su-misura\/","title":{"rendered":"WEARING TAILORED SUIT"},"content":{"rendered":"<p>[vc_row content_placement=&#8221;middle&#8221;][vc_column width=&#8221;1\/2&#8243;][vc_column_text]<\/p>\n\n<div data-mode=\"normal\" data-provider=\"html5\" id=\"arve-html5-\" style=\"max-width:2500px;\" class=\"arve aligncenter\">\n\t<div class=\"arve-inner\">\n\t\t<div class=\"arve-embed\">\n\t\t\t<video autoplay class=\"arve-video fitvidsignore\" controls controlslist=\"nofullscreen nodownload\" data-arve=\"arve-html5-\" muted=\"muted by ARVE because autoplay is on\" onloadstart=\"this.volume=1\" preload=\"metadata\"><source type=\"video\/mp4\" src=\"https:\/\/www.comesuomo1974.com\/wp-content\/uploads\/2018\/01\/Spot-Sartoria-su-misura.mp4\"><\/video>\n\t\t\t\n\t\t<\/div>\n\t\t\n\t<\/div>\n\t\n\t\n\t<script type=\"application\/ld+json\">{\"@context\":\"http:\\\/\\\/schema.org\\\/\",\"@id\":\"https:\\\/\\\/www.comesuomo1974.com\\\/en\\\/vestire-su-misura\\\/#arve-html5-\",\"type\":\"VideoObject\",\"contentURL\":\"https:\\\/\\\/www.comesuomo1974.com\\\/wp-content\\\/uploads\\\/2018\\\/01\\\/Spot-Sartoria-su-misura.mp4\"}<\/script>\n<\/div>\n<p>[\/vc_column_text][\/vc_column][vc_column width=&#8221;1\/2&#8243;][vc_column_text]<\/p>\n<h3 style=\"text-align: center;\">WEARING TAILORED SUIT<\/h3>\n<p><em><br \/>\nMuch more than a trend.\nTailored Suit by Comes Uomo 1974 is a unique emotion.<br \/>\nUn&#8217;esperienza che proprio per l&#8217;accostarsi sempre pi\u00f9 al proprio e personale modo di vestire l&#8217;uomo si interessa ancor pi\u00f9 alla cura del proprio stile.[\/vc_column_text][vc_btn title=&#8221;FISSA UN APPUNTAMENTO&#8221; style=&#8221;classic&#8221; color=&#8221;inverse&#8221; size=&#8221;sm&#8221; align=&#8221;center&#8221; i_icon_fontawesome=&#8221;fa fa-adn&#8221; add_icon=&#8221;true&#8221; link=&#8221;url:https%3A%2F%2Fwww.comesuomo1974.com%2Ffissa-un-appuntamento%2F||target:%20_blank|&#8221;][\/vc_column][\/vc_row]<\/em><\/p>","protected":false},"excerpt":{"rendered":"<p>[vc_row content_placement=&#8221;middle&#8221;][vc_column width=&#8221;1\/2&#8243;][vc_column_text] [\/vc_column_text][\/vc_column][vc_column width=&#8221;1\/2&#8243;][vc_column_text] VESTIRE SU MISURA Molto pi\u00f9 di una tendenza Su Misura di Comes Uomo 1974 \u00e8 un&#8217;emozione unica. Un&#8217;esperienza che proprio per l&#8217;accostarsi sempre pi\u00f9 al proprio e personale modo di vestire l&#8217;uomo si interessa ancor pi\u00f9 alla cura del proprio stile.[\/vc_column_text][vc_btn title=&#8221;FISSA UN APPUNTAMENTO&#8221; style=&#8221;classic&#8221;\u2026<\/p>\n<p> <a class=\"continue-reading-link\" href=\"https:\/\/www.comesuomo1974.com\/en\/vestire-su-misura\/\"><span>Continua a leggere<\/span><i class=\"crycon-right-dir\"><\/i><\/a> <\/p>","protected":false},"author":2,"featured_media":488,"parent":0,"menu_order":0,"comment_status":"closed","ping_status":"closed","template":"","meta":{"footnotes":""},"class_list":["post-40","page","type-page","status-publish","has-post-thumbnail","hentry"],"yoast_head":"<!-- This site is optimized with the Yoast SEO plugin v26.3 - https:\/\/yoast.com\/wordpress\/plugins\/seo\/ -->\n<title>VESTIRE SU MISURA | COMES UOMO 1974<\/title>\n<meta name=\"robots\" content=\"index, follow, max-snippet:-1, max-image-preview:large, max-video-preview:-1\" \/>\n<link rel=\"canonical\" href=\"https:\/\/www.comesuomo1974.com\/en\/vestire-su-misura\/\" \/>\n<meta property=\"og:locale\" content=\"en_GB\" \/>\n<meta property=\"og:type\" content=\"article\" \/>\n<meta property=\"og:title\" content=\"VESTIRE SU MISURA | COMES UOMO 1974\" \/>\n<meta property=\"og:description\" content=\"[vc_row content_placement=&#8221;middle&#8221;][vc_column width=&#8221;1\/2&#8243;][vc_column_text] [\/vc_column_text][\/vc_column][vc_column width=&#8221;1\/2&#8243;][vc_column_text] VESTIRE SU MISURA Molto pi\u00f9 di una tendenza Su Misura di Comes Uomo 1974 \u00e8 un&#8217;emozione unica. Un&#8217;esperienza che proprio per l&#8217;accostarsi sempre pi\u00f9 al proprio e personale modo di vestire l&#8217;uomo si interessa ancor pi\u00f9 alla cura del proprio stile.[\/vc_column_text][vc_btn title=&#8221;FISSA UN APPUNTAMENTO&#8221; style=&#8221;classic&#8221;\u2026 Continua a leggere\" \/>\n<meta property=\"og:url\" content=\"https:\/\/www.comesuomo1974.com\/en\/vestire-su-misura\/\" \/>\n<meta property=\"og:site_name\" content=\"COMES UOMO 1974\" \/>\n<meta property=\"article:publisher\" content=\"https:\/\/www.facebook.com\/comesuomo1974\/\" \/>\n<meta property=\"article:modified_time\" content=\"2022-04-20T18:09:16+00:00\" \/>\n<meta property=\"og:image\" content=\"https:\/\/www.comesuomo1974.com\/wp-content\/uploads\/2018\/02\/SU-MISURA.jpg\" \/>\n\t<meta property=\"og:image:width\" content=\"1000\" \/>\n\t<meta property=\"og:image:height\" content=\"1000\" \/>\n\t<meta property=\"og:image:type\" content=\"image\/jpeg\" \/>\n<meta name=\"twitter:card\" content=\"summary_large_image\" \/>\n<meta name=\"twitter:label1\" content=\"Estimated reading time\" \/>\n\t<meta name=\"twitter:data1\" content=\"1 minute\" \/>\n<script type=\"application\/ld+json\" class=\"yoast-schema-graph\">{\"@context\":\"https:\/\/schema.org\",\"@graph\":[{\"@type\":\"WebPage\",\"@id\":\"https:\/\/www.comesuomo1974.com\/en\/vestire-su-misura\/\",\"url\":\"https:\/\/www.comesuomo1974.com\/en\/vestire-su-misura\/\",\"name\":\"VESTIRE SU MISURA | COMES UOMO 1974\",\"isPartOf\":{\"@id\":\"https:\/\/www.comesuomo1974.com\/#website\"},\"primaryImageOfPage\":{\"@id\":\"https:\/\/www.comesuomo1974.com\/en\/vestire-su-misura\/#primaryimage\"},\"image\":{\"@id\":\"https:\/\/www.comesuomo1974.com\/en\/vestire-su-misura\/#primaryimage\"},\"thumbnailUrl\":\"https:\/\/www.comesuomo1974.com\/wp-content\/uploads\/2018\/02\/SU-MISURA.jpg\",\"datePublished\":\"2018-01-11T22:31:24+00:00\",\"dateModified\":\"2022-04-20T18:09:16+00:00\",\"breadcrumb\":{\"@id\":\"https:\/\/www.comesuomo1974.com\/en\/vestire-su-misura\/#breadcrumb\"},\"inLanguage\":\"en-GB\",\"potentialAction\":[{\"@type\":\"ReadAction\",\"target\":[\"https:\/\/www.comesuomo1974.com\/en\/vestire-su-misura\/\"]}]},{\"@type\":\"ImageObject\",\"inLanguage\":\"en-GB\",\"@id\":\"https:\/\/www.comesuomo1974.com\/en\/vestire-su-misura\/#primaryimage\",\"url\":\"https:\/\/www.comesuomo1974.com\/wp-content\/uploads\/2018\/02\/SU-MISURA.jpg\",\"contentUrl\":\"https:\/\/www.comesuomo1974.com\/wp-content\/uploads\/2018\/02\/SU-MISURA.jpg\",\"width\":1000,\"height\":1000},{\"@type\":\"BreadcrumbList\",\"@id\":\"https:\/\/www.comesuomo1974.com\/en\/vestire-su-misura\/#breadcrumb\",\"itemListElement\":[{\"@type\":\"ListItem\",\"position\":1,\"name\":\"Home\",\"item\":\"https:\/\/www.comesuomo1974.com\/\"},{\"@type\":\"ListItem\",\"position\":2,\"name\":\"VESTIRE SU MISURA\"}]},{\"@type\":\"WebSite\",\"@id\":\"https:\/\/www.comesuomo1974.com\/#website\",\"url\":\"https:\/\/www.comesuomo1974.com\/\",\"name\":\"COMES UOMO 1974\",\"description\":\"PIAZZA VERDI | GROTTAGLIE\",\"potentialAction\":[{\"@type\":\"SearchAction\",\"target\":{\"@type\":\"EntryPoint\",\"urlTemplate\":\"https:\/\/www.comesuomo1974.com\/?s={search_term_string}\"},\"query-input\":{\"@type\":\"PropertyValueSpecification\",\"valueRequired\":true,\"valueName\":\"search_term_string\"}}],\"inLanguage\":\"en-GB\"}]}<\/script>\n<!-- \/ Yoast SEO plugin. -->","yoast_head_json":{"title":"VESTIRE SU MISURA | COMES UOMO 1974","robots":{"index":"index","follow":"follow","max-snippet":"max-snippet:-1","max-image-preview":"max-image-preview:large","max-video-preview":"max-video-preview:-1"},"canonical":"https:\/\/www.comesuomo1974.com\/en\/vestire-su-misura\/","og_locale":"en_GB","og_type":"article","og_title":"VESTIRE SU MISURA | COMES UOMO 1974","og_description":"[vc_row content_placement=&#8221;middle&#8221;][vc_column width=&#8221;1\/2&#8243;][vc_column_text] [\/vc_column_text][\/vc_column][vc_column width=&#8221;1\/2&#8243;][vc_column_text] VESTIRE SU MISURA Molto pi\u00f9 di una tendenza Su Misura di Comes Uomo 1974 \u00e8 un&#8217;emozione unica. Un&#8217;esperienza che proprio per l&#8217;accostarsi sempre pi\u00f9 al proprio e personale modo di vestire l&#8217;uomo si interessa ancor pi\u00f9 alla cura del proprio stile.[\/vc_column_text][vc_btn title=&#8221;FISSA UN APPUNTAMENTO&#8221; style=&#8221;classic&#8221;\u2026 Continua a leggere","og_url":"https:\/\/www.comesuomo1974.com\/en\/vestire-su-misura\/","og_site_name":"COMES UOMO 1974","article_publisher":"https:\/\/www.facebook.com\/comesuomo1974\/","article_modified_time":"2022-04-20T18:09:16+00:00","og_image":[{"width":1000,"height":1000,"url":"https:\/\/www.comesuomo1974.com\/wp-content\/uploads\/2018\/02\/SU-MISURA.jpg","type":"image\/jpeg"}],"twitter_card":"summary_large_image","twitter_misc":{"Estimated reading time":"1 minute"},"schema":{"@context":"https:\/\/schema.org","@graph":[{"@type":"WebPage","@id":"https:\/\/www.comesuomo1974.com\/en\/vestire-su-misura\/","url":"https:\/\/www.comesuomo1974.com\/en\/vestire-su-misura\/","name":"VESTIRE SU MISURA | COMES UOMO 1974","isPartOf":{"@id":"https:\/\/www.comesuomo1974.com\/#website"},"primaryImageOfPage":{"@id":"https:\/\/www.comesuomo1974.com\/en\/vestire-su-misura\/#primaryimage"},"image":{"@id":"https:\/\/www.comesuomo1974.com\/en\/vestire-su-misura\/#primaryimage"},"thumbnailUrl":"https:\/\/www.comesuomo1974.com\/wp-content\/uploads\/2018\/02\/SU-MISURA.jpg","datePublished":"2018-01-11T22:31:24+00:00","dateModified":"2022-04-20T18:09:16+00:00","breadcrumb":{"@id":"https:\/\/www.comesuomo1974.com\/en\/vestire-su-misura\/#breadcrumb"},"inLanguage":"en-GB","potentialAction":[{"@type":"ReadAction","target":["https:\/\/www.comesuomo1974.com\/en\/vestire-su-misura\/"]}]},{"@type":"ImageObject","inLanguage":"en-GB","@id":"https:\/\/www.comesuomo1974.com\/en\/vestire-su-misura\/#primaryimage","url":"https:\/\/www.comesuomo1974.com\/wp-content\/uploads\/2018\/02\/SU-MISURA.jpg","contentUrl":"https:\/\/www.comesuomo1974.com\/wp-content\/uploads\/2018\/02\/SU-MISURA.jpg","width":1000,"height":1000},{"@type":"BreadcrumbList","@id":"https:\/\/www.comesuomo1974.com\/en\/vestire-su-misura\/#breadcrumb","itemListElement":[{"@type":"ListItem","position":1,"name":"Home","item":"https:\/\/www.comesuomo1974.com\/"},{"@type":"ListItem","position":2,"name":"VESTIRE SU MISURA"}]},{"@type":"WebSite","@id":"https:\/\/www.comesuomo1974.com\/#website","url":"https:\/\/www.comesuomo1974.com\/","name":"COMES UOMO 1974","description":"PIAZZA VERDI | GROTTAGLIE","potentialAction":[{"@type":"SearchAction","target":{"@type":"EntryPoint","urlTemplate":"https:\/\/www.comesuomo1974.com\/?s={search_term_string}"},"query-input":{"@type":"PropertyValueSpecification","valueRequired":true,"valueName":"search_term_string"}}],"inLanguage":"en-GB"}]}},"_links":{"self":[{"href":"https:\/\/www.comesuomo1974.com\/en\/wp-json\/wp\/v2\/pages\/40","targetHints":{"allow":["GET"]}}],"collection":[{"href":"https:\/\/www.comesuomo1974.com\/en\/wp-json\/wp\/v2\/pages"}],"about":[{"href":"https:\/\/www.comesuomo1974.com\/en\/wp-json\/wp\/v2\/types\/page"}],"author":[{"embeddable":true,"href":"https:\/\/www.comesuomo1974.com\/en\/wp-json\/wp\/v2\/users\/2"}],"replies":[{"embeddable":true,"href":"https:\/\/www.comesuomo1974.com\/en\/wp-json\/wp\/v2\/comments?post=40"}],"version-history":[{"count":1,"href":"https:\/\/www.comesuomo1974.com\/en\/wp-json\/wp\/v2\/pages\/40\/revisions"}],"predecessor-version":[{"id":711,"href":"https:\/\/www.comesuomo1974.com\/en\/wp-json\/wp\/v2\/pages\/40\/revisions\/711"}],"wp:featuredmedia":[{"embeddable":true,"href":"https:\/\/www.comesuomo1974.com\/en\/wp-json\/wp\/v2\/media\/488"}],"wp:attachment":[{"href":"https:\/\/www.comesuomo1974.com\/en\/wp-json\/wp\/v2\/media?parent=40"}],"curies":[{"name":"wp","href":"https:\/\/api.w.org\/{rel}","templated":true}]}}